{"id":30,"date":"2024-10-29T21:46:23","date_gmt":"2024-10-29T21:46:23","guid":{"rendered":"https:\/\/sharp-hopper.194-164-174-97.plesk.page\/?page_id=30"},"modified":"2024-10-29T21:46:27","modified_gmt":"2024-10-29T21:46:27","slug":"services","status":"publish","type":"page","link":"https:\/\/sharp-hopper.194-164-174-97.plesk.page\/?page_id=30","title":{"rendered":"Services"},"content":{"rendered":"\n<div class=\"wp-block-uagb-container uagb-block-c832201d alignfull uagb-is-root-container\">\n<div class=\"wp-block-uagb-container uagb-block-64e228b6 alignfull uagb-is-root-container\"><div class=\"uagb-container-inner-blocks-wrap\">\n<div class=\"wp-block-uagb-advanced-heading uagb-block-c75532a5\"><p class=\"uagb-desc-text\">Descubre nuestros servicios de fitness<\/p><h1 class=\"uagb-heading-text\">Bienestar y entrenamiento a tu alcance<\/h1><\/div>\n<\/div><\/div>\n<\/div>\n\n\n\n<div class=\"wp-block-uagb-container uagb-block-c688d207 alignfull uagb-is-root-container\"><div class=\"uagb-container-inner-blocks-wrap\">\n<div class=\"wp-block-uagb-container uagb-block-1167476f\">\n<div class=\"wp-block-uagb-image uagb-block-68a3ccf7 wp-block-uagb-image--layout-default wp-block-uagb-image--effect-static wp-block-uagb-image--align-none\"><figure class=\"wp-block-uagb-image__figure\"><img loading=\"lazy\" decoding=\"async\" srcset=\"https:\/\/sharp-hopper.194-164-174-97.plesk.page\/wp-content\/uploads\/2024\/10\/pexels-photo-949126.jpeg ,https:\/\/sharp-hopper.194-164-174-97.plesk.page\/wp-content\/uploads\/2024\/10\/pexels-photo-949126.jpeg 780w, https:\/\/sharp-hopper.194-164-174-97.plesk.page\/wp-content\/uploads\/2024\/10\/pexels-photo-949126.jpeg 360w\" sizes=\"auto, (max-width: 480px) 150px\" src=\"https:\/\/sharp-hopper.194-164-174-97.plesk.page\/wp-content\/uploads\/2024\/10\/pexels-photo-949126.jpeg\" alt=\"\" class=\"uag-image-18\" width=\"600\" height=\"400\" title=\"services-01\" loading=\"lazy\" role=\"img\"\/><\/figure><\/div>\n\n\n\n<div class=\"wp-block-uagb-container uagb-block-29b39a92\">\n<div class=\"wp-block-uagb-info-box uagb-block-83424adf uagb-infobox__content-wrap  uagb-infobox-icon-above-title uagb-infobox-image-valign-top\"><div class=\"uagb-ifb-content\"><div class=\"uagb-ifb-title-wrap\"><h2 class=\"uagb-ifb-title-prefix\">01<\/h2><p class=\"uagb-ifb-title\">Entrenamiento Personalizado<\/p><\/div><p class=\"uagb-ifb-desc\">Ofrecemos entrenamientos personalizados adaptados a tus necesidades y objetivos espec\u00edficos, garantizando un seguimiento continuo para maximizar tus resultados y mejorar tu salud.<\/p><\/div><\/div>\n<\/div>\n<\/div>\n\n\n\n<div class=\"wp-block-uagb-container uagb-block-317de306\">\n<div class=\"wp-block-uagb-image uagb-block-e932dfec wp-block-uagb-image--layout-default wp-block-uagb-image--effect-static wp-block-uagb-image--align-none\"><figure class=\"wp-block-uagb-image__figure\"><img loading=\"lazy\" decoding=\"async\" srcset=\"https:\/\/sharp-hopper.194-164-174-97.plesk.page\/wp-content\/uploads\/2024\/10\/pexels-photo-1552249.jpeg ,https:\/\/sharp-hopper.194-164-174-97.plesk.page\/wp-content\/uploads\/2024\/10\/pexels-photo-1552249.jpeg 780w, https:\/\/sharp-hopper.194-164-174-97.plesk.page\/wp-content\/uploads\/2024\/10\/pexels-photo-1552249.jpeg 360w\" sizes=\"auto, (max-width: 480px) 150px\" src=\"https:\/\/sharp-hopper.194-164-174-97.plesk.page\/wp-content\/uploads\/2024\/10\/pexels-photo-1552249.jpeg\" alt=\"\" class=\"uag-image-19\" width=\"600\" height=\"400\" title=\"services-02\" loading=\"lazy\" role=\"img\"\/><\/figure><\/div>\n\n\n\n<div class=\"wp-block-uagb-container uagb-block-7d6d92de\">\n<div class=\"wp-block-uagb-info-box uagb-block-affe01c7 uagb-infobox__content-wrap  uagb-infobox-icon-above-title uagb-infobox-image-valign-top\"><div class=\"uagb-ifb-content\"><div class=\"uagb-ifb-title-wrap\"><h2 class=\"uagb-ifb-title-prefix\">02<\/h2><p class=\"uagb-ifb-title\">Clases Grupales<\/p><\/div><p class=\"uagb-ifb-desc\">Disfruta de clases grupales din\u00e1micas y motivadoras, dise\u00f1adas para todos los niveles, que te ayudar\u00e1n a mantenerte activo y disfrutar del ejercicio en compa\u00f1\u00eda.<\/p><\/div><\/div>\n<\/div>\n<\/div>\n\n\n\n<div class=\"wp-block-uagb-container uagb-block-1ff6c7ae\">\n<div class=\"wp-block-uagb-image uagb-block-a5d9daa2 wp-block-uagb-image--layout-default wp-block-uagb-image--effect-static wp-block-uagb-image--align-none\"><figure class=\"wp-block-uagb-image__figure\"><img loading=\"lazy\" decoding=\"async\" srcset=\"https:\/\/sharp-hopper.194-164-174-97.plesk.page\/wp-content\/uploads\/2024\/10\/pexels-photo-4761779.jpeg ,https:\/\/sharp-hopper.194-164-174-97.plesk.page\/wp-content\/uploads\/2024\/10\/pexels-photo-4761779.jpeg 780w, https:\/\/sharp-hopper.194-164-174-97.plesk.page\/wp-content\/uploads\/2024\/10\/pexels-photo-4761779.jpeg 360w\" sizes=\"auto, (max-width: 480px) 150px\" src=\"https:\/\/sharp-hopper.194-164-174-97.plesk.page\/wp-content\/uploads\/2024\/10\/pexels-photo-4761779.jpeg\" alt=\"\" class=\"uag-image-20\" width=\"600\" height=\"400\" title=\"services-03\" loading=\"lazy\" role=\"img\"\/><\/figure><\/div>\n\n\n\n<div class=\"wp-block-uagb-container uagb-block-1f5162ad\">\n<div class=\"wp-block-uagb-info-box uagb-block-ca864fac uagb-infobox__content-wrap  uagb-infobox-icon-above-title uagb-infobox-image-valign-top\"><div class=\"uagb-ifb-content\"><div class=\"uagb-ifb-title-wrap\"><h2 class=\"uagb-ifb-title-prefix\">03<\/h2><p class=\"uagb-ifb-title\">\u00c1rea de M\u00e1quinas<\/p><\/div><p class=\"uagb-ifb-desc\">Nuestra \u00e1rea equipada cuenta con m\u00e1quinas de \u00faltima generaci\u00f3n, ofreciendo un espacio ideal para entrenar de manera segura y efectiva, atendiendo a las necesidades de cada usuario.<\/p><\/div><\/div>\n<\/div>\n<\/div>\n\n\n\n<div class=\"wp-block-uagb-container uagb-block-71b4b602\">\n<div class=\"wp-block-uagb-image uagb-block-e828b8ef wp-block-uagb-image--layout-default wp-block-uagb-image--effect-static wp-block-uagb-image--align-none\"><figure class=\"wp-block-uagb-image__figure\"><img loading=\"lazy\" decoding=\"async\" srcset=\"https:\/\/sharp-hopper.194-164-174-97.plesk.page\/wp-content\/uploads\/2024\/10\/pexels-photo-1229356.jpeg ,https:\/\/sharp-hopper.194-164-174-97.plesk.page\/wp-content\/uploads\/2024\/10\/pexels-photo-1229356.jpeg 780w, https:\/\/sharp-hopper.194-164-174-97.plesk.page\/wp-content\/uploads\/2024\/10\/pexels-photo-1229356.jpeg 360w\" sizes=\"auto, (max-width: 480px) 150px\" src=\"https:\/\/sharp-hopper.194-164-174-97.plesk.page\/wp-content\/uploads\/2024\/10\/pexels-photo-1229356.jpeg\" alt=\"\" class=\"uag-image-11\" width=\"600\" height=\"400\" title=\"services-04\" loading=\"lazy\" role=\"img\"\/><\/figure><\/div>\n\n\n\n<div class=\"wp-block-uagb-container uagb-block-fde4aeb3\">\n<div class=\"wp-block-uagb-info-box uagb-block-c1cad624 uagb-infobox__content-wrap  uagb-infobox-icon-above-title uagb-infobox-image-valign-top\"><div class=\"uagb-ifb-content\"><div class=\"uagb-ifb-title-wrap\"><h2 class=\"uagb-ifb-title-prefix\">04<\/h2><p class=\"uagb-ifb-title\">Programas de Bienestar<\/p><\/div><p class=\"uagb-ifb-desc\">Desarrollamos programas de bienestar integrales que promueven un estilo de vida saludable, combinando ejercicio, nutrici\u00f3n y apoyo emocional para alcanzar un equilibrio \u00f3ptimo.<\/p><\/div><\/div>\n<\/div>\n<\/div>\n<\/div><\/div>\n\n\n\n<div class=\"wp-block-uagb-container uagb-block-65ca346b alignfull uagb-is-root-container\"><div class=\"uagb-container-inner-blocks-wrap\">\n<div class=\"wp-block-uagb-advanced-heading uagb-block-2e2f5ae6\"><p class=\"uagb-desc-text\">Nuestro M\u00e9todo<\/p><h2 class=\"uagb-heading-text\">As\u00ed es como trabajamos en Hanfit<\/h2><\/div>\n\n\n\n<div class=\"wp-block-uagb-container uagb-block-64b2afa7\">\n<div class=\"wp-block-uagb-container uagb-block-5f3c304b\">\n<div class=\"wp-block-uagb-container uagb-layout-grid uagb-block-83d5db4c\">\n<div class=\"wp-block-uagb-advanced-heading uagb-block-0368c07f\"><p class=\"uagb-desc-text\">Step<\/p><\/div>\n\n\n\n<div class=\"wp-block-uagb-advanced-heading uagb-block-75d61706\"><h2 class=\"uagb-heading-text\">01<\/h2><\/div>\n<\/div>\n\n\n\n<div class=\"wp-block-uagb-advanced-heading uagb-block-058b9313\"><p class=\"uagb-heading-text\">Evaluaci\u00f3n Inicial<\/p><p class=\"uagb-desc-text\">Analizamos tus objetivos y necesidades individuales desde el primer d\u00eda.<\/p><\/div>\n<\/div>\n\n\n\n<div class=\"wp-block-uagb-container uagb-block-d9284c02\">\n<div class=\"wp-block-uagb-container uagb-layout-grid uagb-block-19ef9116\">\n<div class=\"wp-block-uagb-advanced-heading uagb-block-8a638f21\"><p class=\"uagb-desc-text\">Step<\/p><\/div>\n\n\n\n<div class=\"wp-block-uagb-advanced-heading uagb-block-10b727d7\"><h2 class=\"uagb-heading-text\">02<\/h2><\/div>\n<\/div>\n\n\n\n<div class=\"wp-block-uagb-advanced-heading uagb-block-70a66198\"><p class=\"uagb-heading-text\">Entrenamiento Personalizado<\/p><p class=\"uagb-desc-text\">Creamos un plan de entrenamiento adaptado exclusivamente a ti.<\/p><\/div>\n<\/div>\n\n\n\n<div class=\"wp-block-uagb-container uagb-block-96696703\">\n<div class=\"wp-block-uagb-container uagb-layout-grid uagb-block-9a5e32d4\">\n<div class=\"wp-block-uagb-advanced-heading uagb-block-67b7aa46\"><p class=\"uagb-desc-text\">Step<\/p><\/div>\n\n\n\n<div class=\"wp-block-uagb-advanced-heading uagb-block-ebc92c9d\"><h2 class=\"uagb-heading-text\">03<\/h2><\/div>\n<\/div>\n\n\n\n<div class=\"wp-block-uagb-advanced-heading uagb-block-097d06d1\"><p class=\"uagb-heading-text\">Resultados Medibles<\/p><p class=\"uagb-desc-text\">Monitoreamos tu progreso para asegurar que logras tus objetivos.<\/p><\/div>\n<\/div>\n<\/div>\n<\/div><\/div>\n\n\n\n<div class=\"wp-block-uagb-container uagb-block-288b055f alignfull uagb-is-root-container\"><div class=\"uagb-container-inner-blocks-wrap\">\n<div class=\"wp-block-uagb-container uag-blocks-common-selector uagb-layout-grid uagb-block-f5b117b5 default uagb-is-root-container\">\n<div class=\"wp-block-uagb-info-box uagb-block-23d92e6f uagb-infobox__content-wrap  uagb-infobox-icon-above-title uagb-infobox-image-valign-top\"><div class=\"uagb-ifb-content\"><div class=\"uagb-ifb-title-wrap\"><span class=\"uagb-ifb-title-prefix\">\u00danete a Nosotros<\/span><h2 class=\"uagb-ifb-title\">Comienza tu transformaci\u00f3n en Hanfit Mancha Real hoy.<\/h2><\/div><p class=\"uagb-ifb-desc\">Cont\u00e1ctanos y descubre c\u00f3mo podemos ayudarte a lograr tus metas.<\/p><\/div><\/div>\n\n\n\n<div class=\"wp-block-uagb-buttons uagb-buttons__outer-wrap uagb-btn__default-btn uagb-btn-tablet__default-btn uagb-btn-mobile__default-btn uagb-block-7f94030b\"><div class=\"uagb-buttons__wrap uagb-buttons-layout-wrap \">\n<div class=\"wp-block-uagb-buttons-child uagb-buttons__outer-wrap uagb-block-01974e58 wp-block-button\"><div class=\"uagb-button__wrapper\"><a class=\"uagb-buttons-repeater wp-block-button__link\" aria-label=\"\" href=\"contact\/\" rel=\"follow noopener\" target=\"_self\" role=\"button\"><div class=\"uagb-button__link\">\u00danete Ahora<\/div><\/a><\/div><\/div>\n<\/div><\/div>\n<\/div>\n<\/div><\/div>\n","protected":false},"excerpt":{"rendered":"<p>Descubre nuestros servicios de fitness Bienestar y entrenamiento a tu alcance Nuestro M\u00e9todo As\u00ed es como trabajamos en Hanfit Step [&hellip;]<\/p>\n","protected":false},"author":1,"featured_media":0,"parent":0,"menu_order":0,"comment_status":"closed","ping_status":"closed","template":"","meta":{"_uag_custom_page_level_css":"","site-sidebar-layout":"default","site-content-layout":"","ast-site-content-layout":"default","site-content-style":"default","site-sidebar-style":"default","ast-global-header-display":"","ast-banner-title-visibility":"","ast-main-header-display":"","ast-hfb-above-header-display":"","ast-hfb-below-header-display":"","ast-hfb-mobile-header-display":"","site-post-title":"disabled","ast-breadcrumbs-content":"","ast-featured-img":"","footer-sml-layout":"","theme-transparent-header-meta":"","adv-header-id-meta":"","stick-header-meta":"","header-above-stick-meta":"","header-main-stick-meta":"","header-below-stick-meta":"","astra-migrate-meta-layouts":"default","ast-page-background-enabled":"default","ast-page-background-meta":{"desktop":{"background-color":"var(--ast-global-color-4)","background-image":"","background-repeat":"repeat","background-position":"center center","background-size":"auto","background-attachment":"scroll","background-type":"","background-media":"","overlay-type":"","overlay-color":"","overlay-opacity":"","overlay-gradient":""},"tablet":{"background-color":"","background-image":"","background-repeat":"repeat","background-position":"center center","background-size":"auto","background-attachment":"scroll","background-type":"","background-media":"","overlay-type":"","overlay-color":"","overlay-opacity":"","overlay-gradient":""},"mobile":{"background-color":"","background-image":"","background-repeat":"repeat","background-position":"center center","background-size":"auto","background-attachment":"scroll","background-type":"","background-media":"","overlay-type":"","overlay-color":"","overlay-opacity":"","overlay-gradient":""}},"ast-content-background-meta":{"desktop":{"background-color":"var(--ast-global-color-5)","background-image":"","background-repeat":"repeat","background-position":"center center","background-size":"auto","background-attachment":"scroll","background-type":"","background-media":"","overlay-type":"","overlay-color":"","overlay-opacity":"","overlay-gradient":""},"tablet":{"background-color":"var(--ast-global-color-5)","background-image":"","background-repeat":"repeat","background-position":"center center","background-size":"auto","background-attachment":"scroll","background-type":"","background-media":"","overlay-type":"","overlay-color":"","overlay-opacity":"","overlay-gradient":""},"mobile":{"background-color":"var(--ast-global-color-5)","background-image":"","background-repeat":"repeat","background-position":"center center","background-size":"auto","background-attachment":"scroll","background-type":"","background-media":"","overlay-type":"","overlay-color":"","overlay-opacity":"","overlay-gradient":""}},"footnotes":""},"class_list":["post-30","page","type-page","status-publish","hentry"],"yoast_head":"<!-- This site is optimized with the Yoast SEO plugin v27.5 - https:\/\/yoast.com\/product\/yoast-seo-wordpress\/ -->\n<title>Services - Hanfit Mancha Real<\/title>\n<meta name=\"robots\" content=\"noindex, follow, max-snippet:-1, max-image-preview:large, max-video-preview:-1\" \/>\n<meta property=\"og:locale\" content=\"es_ES\" \/>\n<meta property=\"og:type\" content=\"article\" \/>\n<meta property=\"og:title\" content=\"Services - Hanfit Mancha Real\" \/>\n<meta property=\"og:description\" content=\"Descubre nuestros servicios de fitness Bienestar y entrenamiento a tu alcance Nuestro M\u00e9todo As\u00ed es como trabajamos en Hanfit Step [&hellip;]\" \/>\n<meta property=\"og:url\" content=\"https:\/\/sharp-hopper.194-164-174-97.plesk.page\/?page_id=30\" \/>\n<meta property=\"og:site_name\" content=\"Hanfit Mancha Real\" \/>\n<meta property=\"article:modified_time\" content=\"2024-10-29T21:46:27+00:00\" \/>\n<meta property=\"og:image\" content=\"https:\/\/sharp-hopper.194-164-174-97.plesk.page\/wp-content\/uploads\/2024\/10\/pexels-photo-949126.jpeg\" \/>\n<meta name=\"twitter:card\" content=\"summary_large_image\" \/>\n<meta name=\"twitter:label1\" content=\"Tiempo de lectura\" \/>\n\t<meta name=\"twitter:data1\" content=\"1 minuto\" \/>\n<script type=\"application\/ld+json\" class=\"yoast-schema-graph\">{\"@context\":\"https:\\\/\\\/schema.org\",\"@graph\":[{\"@type\":\"WebPage\",\"@id\":\"https:\\\/\\\/sharp-hopper.194-164-174-97.plesk.page\\\/?page_id=30\",\"url\":\"https:\\\/\\\/sharp-hopper.194-164-174-97.plesk.page\\\/?page_id=30\",\"name\":\"Services - Hanfit Mancha Real\",\"isPartOf\":{\"@id\":\"https:\\\/\\\/sharp-hopper.194-164-174-97.plesk.page\\\/#website\"},\"primaryImageOfPage\":{\"@id\":\"https:\\\/\\\/sharp-hopper.194-164-174-97.plesk.page\\\/?page_id=30#primaryimage\"},\"image\":{\"@id\":\"https:\\\/\\\/sharp-hopper.194-164-174-97.plesk.page\\\/?page_id=30#primaryimage\"},\"thumbnailUrl\":\"https:\\\/\\\/sharp-hopper.194-164-174-97.plesk.page\\\/wp-content\\\/uploads\\\/2024\\\/10\\\/pexels-photo-949126.jpeg\",\"datePublished\":\"2024-10-29T21:46:23+00:00\",\"dateModified\":\"2024-10-29T21:46:27+00:00\",\"breadcrumb\":{\"@id\":\"https:\\\/\\\/sharp-hopper.194-164-174-97.plesk.page\\\/?page_id=30#breadcrumb\"},\"inLanguage\":\"es\",\"potentialAction\":[{\"@type\":\"ReadAction\",\"target\":[\"https:\\\/\\\/sharp-hopper.194-164-174-97.plesk.page\\\/?page_id=30\"]}]},{\"@type\":\"ImageObject\",\"inLanguage\":\"es\",\"@id\":\"https:\\\/\\\/sharp-hopper.194-164-174-97.plesk.page\\\/?page_id=30#primaryimage\",\"url\":\"https:\\\/\\\/sharp-hopper.194-164-174-97.plesk.page\\\/wp-content\\\/uploads\\\/2024\\\/10\\\/pexels-photo-949126.jpeg\",\"contentUrl\":\"https:\\\/\\\/sharp-hopper.194-164-174-97.plesk.page\\\/wp-content\\\/uploads\\\/2024\\\/10\\\/pexels-photo-949126.jpeg\",\"width\":1280,\"height\":853,\"caption\":\"Person Holding Black and Silver Steel Barbell Photography\"},{\"@type\":\"BreadcrumbList\",\"@id\":\"https:\\\/\\\/sharp-hopper.194-164-174-97.plesk.page\\\/?page_id=30#breadcrumb\",\"itemListElement\":[{\"@type\":\"ListItem\",\"position\":1,\"name\":\"Portada\",\"item\":\"https:\\\/\\\/sharp-hopper.194-164-174-97.plesk.page\\\/\"},{\"@type\":\"ListItem\",\"position\":2,\"name\":\"Services\"}]},{\"@type\":\"WebSite\",\"@id\":\"https:\\\/\\\/sharp-hopper.194-164-174-97.plesk.page\\\/#website\",\"url\":\"https:\\\/\\\/sharp-hopper.194-164-174-97.plesk.page\\\/\",\"name\":\"Hanfit Mancha Real\",\"description\":\"\",\"publisher\":{\"@id\":\"https:\\\/\\\/sharp-hopper.194-164-174-97.plesk.page\\\/#organization\"},\"potentialAction\":[{\"@type\":\"SearchAction\",\"target\":{\"@type\":\"EntryPoint\",\"urlTemplate\":\"https:\\\/\\\/sharp-hopper.194-164-174-97.plesk.page\\\/?s={search_term_string}\"},\"query-input\":{\"@type\":\"PropertyValueSpecification\",\"valueRequired\":true,\"valueName\":\"search_term_string\"}}],\"inLanguage\":\"es\"},{\"@type\":\"Organization\",\"@id\":\"https:\\\/\\\/sharp-hopper.194-164-174-97.plesk.page\\\/#organization\",\"name\":\"Hanfit Mancha Real\",\"url\":\"https:\\\/\\\/sharp-hopper.194-164-174-97.plesk.page\\\/\",\"logo\":{\"@type\":\"ImageObject\",\"inLanguage\":\"es\",\"@id\":\"https:\\\/\\\/sharp-hopper.194-164-174-97.plesk.page\\\/#\\\/schema\\\/logo\\\/image\\\/\",\"url\":\"https:\\\/\\\/sharp-hopper.194-164-174-97.plesk.page\\\/wp-content\\\/uploads\\\/2024\\\/10\\\/logo.png\",\"contentUrl\":\"https:\\\/\\\/sharp-hopper.194-164-174-97.plesk.page\\\/wp-content\\\/uploads\\\/2024\\\/10\\\/logo.png\",\"width\":300,\"height\":94,\"caption\":\"Hanfit Mancha Real\"},\"image\":{\"@id\":\"https:\\\/\\\/sharp-hopper.194-164-174-97.plesk.page\\\/#\\\/schema\\\/logo\\\/image\\\/\"}}]}<\/script>\n<!-- \/ Yoast SEO plugin. -->","yoast_head_json":{"title":"Services - Hanfit Mancha Real","robots":{"index":"noindex","follow":"follow","max-snippet":"max-snippet:-1","max-image-preview":"max-image-preview:large","max-video-preview":"max-video-preview:-1"},"og_locale":"es_ES","og_type":"article","og_title":"Services - Hanfit Mancha Real","og_description":"Descubre nuestros servicios de fitness Bienestar y entrenamiento a tu alcance Nuestro M\u00e9todo As\u00ed es como trabajamos en Hanfit Step [&hellip;]","og_url":"https:\/\/sharp-hopper.194-164-174-97.plesk.page\/?page_id=30","og_site_name":"Hanfit Mancha Real","article_modified_time":"2024-10-29T21:46:27+00:00","og_image":[{"url":"https:\/\/sharp-hopper.194-164-174-97.plesk.page\/wp-content\/uploads\/2024\/10\/pexels-photo-949126.jpeg","type":"","width":"","height":""}],"twitter_card":"summary_large_image","twitter_misc":{"Tiempo de lectura":"1 minuto"},"schema":{"@context":"https:\/\/schema.org","@graph":[{"@type":"WebPage","@id":"https:\/\/sharp-hopper.194-164-174-97.plesk.page\/?page_id=30","url":"https:\/\/sharp-hopper.194-164-174-97.plesk.page\/?page_id=30","name":"Services - Hanfit Mancha Real","isPartOf":{"@id":"https:\/\/sharp-hopper.194-164-174-97.plesk.page\/#website"},"primaryImageOfPage":{"@id":"https:\/\/sharp-hopper.194-164-174-97.plesk.page\/?page_id=30#primaryimage"},"image":{"@id":"https:\/\/sharp-hopper.194-164-174-97.plesk.page\/?page_id=30#primaryimage"},"thumbnailUrl":"https:\/\/sharp-hopper.194-164-174-97.plesk.page\/wp-content\/uploads\/2024\/10\/pexels-photo-949126.jpeg","datePublished":"2024-10-29T21:46:23+00:00","dateModified":"2024-10-29T21:46:27+00:00","breadcrumb":{"@id":"https:\/\/sharp-hopper.194-164-174-97.plesk.page\/?page_id=30#breadcrumb"},"inLanguage":"es","potentialAction":[{"@type":"ReadAction","target":["https:\/\/sharp-hopper.194-164-174-97.plesk.page\/?page_id=30"]}]},{"@type":"ImageObject","inLanguage":"es","@id":"https:\/\/sharp-hopper.194-164-174-97.plesk.page\/?page_id=30#primaryimage","url":"https:\/\/sharp-hopper.194-164-174-97.plesk.page\/wp-content\/uploads\/2024\/10\/pexels-photo-949126.jpeg","contentUrl":"https:\/\/sharp-hopper.194-164-174-97.plesk.page\/wp-content\/uploads\/2024\/10\/pexels-photo-949126.jpeg","width":1280,"height":853,"caption":"Person Holding Black and Silver Steel Barbell Photography"},{"@type":"BreadcrumbList","@id":"https:\/\/sharp-hopper.194-164-174-97.plesk.page\/?page_id=30#breadcrumb","itemListElement":[{"@type":"ListItem","position":1,"name":"Portada","item":"https:\/\/sharp-hopper.194-164-174-97.plesk.page\/"},{"@type":"ListItem","position":2,"name":"Services"}]},{"@type":"WebSite","@id":"https:\/\/sharp-hopper.194-164-174-97.plesk.page\/#website","url":"https:\/\/sharp-hopper.194-164-174-97.plesk.page\/","name":"Hanfit Mancha Real","description":"","publisher":{"@id":"https:\/\/sharp-hopper.194-164-174-97.plesk.page\/#organization"},"potentialAction":[{"@type":"SearchAction","target":{"@type":"EntryPoint","urlTemplate":"https:\/\/sharp-hopper.194-164-174-97.plesk.page\/?s={search_term_string}"},"query-input":{"@type":"PropertyValueSpecification","valueRequired":true,"valueName":"search_term_string"}}],"inLanguage":"es"},{"@type":"Organization","@id":"https:\/\/sharp-hopper.194-164-174-97.plesk.page\/#organization","name":"Hanfit Mancha Real","url":"https:\/\/sharp-hopper.194-164-174-97.plesk.page\/","logo":{"@type":"ImageObject","inLanguage":"es","@id":"https:\/\/sharp-hopper.194-164-174-97.plesk.page\/#\/schema\/logo\/image\/","url":"https:\/\/sharp-hopper.194-164-174-97.plesk.page\/wp-content\/uploads\/2024\/10\/logo.png","contentUrl":"https:\/\/sharp-hopper.194-164-174-97.plesk.page\/wp-content\/uploads\/2024\/10\/logo.png","width":300,"height":94,"caption":"Hanfit Mancha Real"},"image":{"@id":"https:\/\/sharp-hopper.194-164-174-97.plesk.page\/#\/schema\/logo\/image\/"}}]}},"uagb_featured_image_src":{"full":false,"thumbnail":false,"medium":false,"medium_large":false,"large":false,"1536x1536":false,"2048x2048":false,"ph_comment_attachment":false},"uagb_author_info":{"display_name":"admin","author_link":"https:\/\/sharp-hopper.194-164-174-97.plesk.page\/?author=1"},"uagb_comment_info":0,"uagb_excerpt":"Descubre nuestros servicios de fitness Bienestar y entrenamiento a tu alcance Nuestro M\u00e9todo As\u00ed es como trabajamos en Hanfit Step [&hellip;]","_links":{"self":[{"href":"https:\/\/sharp-hopper.194-164-174-97.plesk.page\/index.php?rest_route=\/wp\/v2\/pages\/30","targetHints":{"allow":["GET"]}}],"collection":[{"href":"https:\/\/sharp-hopper.194-164-174-97.plesk.page\/index.php?rest_route=\/wp\/v2\/pages"}],"about":[{"href":"https:\/\/sharp-hopper.194-164-174-97.plesk.page\/index.php?rest_route=\/wp\/v2\/types\/page"}],"author":[{"embeddable":true,"href":"https:\/\/sharp-hopper.194-164-174-97.plesk.page\/index.php?rest_route=\/wp\/v2\/users\/1"}],"replies":[{"embeddable":true,"href":"https:\/\/sharp-hopper.194-164-174-97.plesk.page\/index.php?rest_route=%2Fwp%2Fv2%2Fcomments&post=30"}],"version-history":[{"count":2,"href":"https:\/\/sharp-hopper.194-164-174-97.plesk.page\/index.php?rest_route=\/wp\/v2\/pages\/30\/revisions"}],"predecessor-version":[{"id":254,"href":"https:\/\/sharp-hopper.194-164-174-97.plesk.page\/index.php?rest_route=\/wp\/v2\/pages\/30\/revisions\/254"}],"wp:attachment":[{"href":"https:\/\/sharp-hopper.194-164-174-97.plesk.page\/index.php?rest_route=%2Fwp%2Fv2%2Fmedia&parent=30"}],"curies":[{"name":"wp","href":"https:\/\/api.w.org\/{rel}","templated":true}]}}