{"id":32,"date":"2024-10-29T21:46:23","date_gmt":"2024-10-29T21:46:23","guid":{"rendered":"https:\/\/sharp-hopper.194-164-174-97.plesk.page\/?page_id=32"},"modified":"2024-10-29T21:46:27","modified_gmt":"2024-10-29T21:46:27","slug":"contact","status":"publish","type":"page","link":"https:\/\/sharp-hopper.194-164-174-97.plesk.page\/?page_id=32","title":{"rendered":"Contact"},"content":{"rendered":"\n<div class=\"wp-block-uagb-container uagb-block-c832201d alignfull uagb-is-root-container\">\n<div class=\"wp-block-uagb-container uagb-block-64e228b6 alignfull uagb-is-root-container\"><div class=\"uagb-container-inner-blocks-wrap\">\n<div class=\"wp-block-uagb-advanced-heading uagb-block-c75532a5\"><p class=\"uagb-desc-text\">Con\u00e9ctate con nosotros<\/p><h1 class=\"uagb-heading-text\">Estamos aqu\u00ed para ayudarte y atenderte<\/h1><\/div>\n<\/div><\/div>\n<\/div>\n\n\n\n<div class=\"wp-block-uagb-container uagb-block-02b85580 alignfull uagb-is-root-container\"><div class=\"uagb-container-inner-blocks-wrap\">\n<div class=\"wp-block-uagb-advanced-heading uagb-block-2e2f5ae6\"><p class=\"uagb-desc-text\">Escr\u00edbenos<\/p><h2 class=\"uagb-heading-text\">Estamos listos para responder tus preguntas y consultas<\/h2><\/div>\n\n\n\n<div class=\"wp-block-uagb-container uagb-block-7b1e6d9c\">\n<div class=\"wp-block-uagb-container uagb-block-bd7d7619\">\n<div class=\"wp-block-uagb-info-box uagb-block-849a18e5 uagb-infobox__content-wrap  uagb-infobox-icon-above-title uagb-infobox-image-valign-top\"><div class=\"uagb-ifb-content\"><div class=\"uagb-ifb-icon-wrap\"><div class=\"uagb-iconbox-icon-wrap uagb-infobox-shape-circle\"><svg xmlns=\"https:\/\/www.w3.org\/2000\/svg\" viewBox=\"0 0 512 512\"><path d=\"M511.2 387l-23.25 100.8c-3.266 14.25-15.79 24.22-30.46 24.22C205.2 512 0 306.8 0 54.5c0-14.66 9.969-27.2 24.22-30.45l100.8-23.25C139.7-2.602 154.7 5.018 160.8 18.92l46.52 108.5c5.438 12.78 1.77 27.67-8.98 36.45L144.5 207.1c33.98 69.22 90.26 125.5 159.5 159.5l44.08-53.8c8.688-10.78 23.69-14.51 36.47-8.975l108.5 46.51C506.1 357.2 514.6 372.4 511.2 387z\"><\/path><\/svg><\/div><\/div><div class=\"uagb-ifb-title-wrap\"><h3 class=\"uagb-ifb-title\">Contacto<\/h3><\/div><p class=\"uagb-ifb-desc\">681 623 336<\/p><\/div><\/div>\n<\/div>\n\n\n\n<div class=\"wp-block-uagb-container uagb-block-d6ee72e7\">\n<div class=\"wp-block-uagb-info-box uagb-block-eb5629d6 uagb-infobox__content-wrap  uagb-infobox-icon-above-title uagb-infobox-image-valign-top\"><div class=\"uagb-ifb-content\"><div class=\"uagb-ifb-icon-wrap\"><div class=\"uagb-iconbox-icon-wrap uagb-infobox-shape-circle\"><svg xmlns=\"https:\/\/www.w3.org\/2000\/svg\" viewBox=\"0 0 512 512\"><path d=\"M464 64C490.5 64 512 85.49 512 112C512 127.1 504.9 141.3 492.8 150.4L275.2 313.6C263.8 322.1 248.2 322.1 236.8 313.6L19.2 150.4C7.113 141.3 0 127.1 0 112C0 85.49 21.49 64 48 64H464zM217.6 339.2C240.4 356.3 271.6 356.3 294.4 339.2L512 176V384C512 419.3 483.3 448 448 448H64C28.65 448 0 419.3 0 384V176L217.6 339.2z\"><\/path><\/svg><\/div><\/div><div class=\"uagb-ifb-title-wrap\"><h3 class=\"uagb-ifb-title\">Correo Electr\u00f3nico<\/h3><\/div><p class=\"uagb-ifb-desc\">hanfitrecepcion@gmail.com<\/p><\/div><\/div>\n<\/div>\n\n\n\n<div class=\"wp-block-uagb-container uagb-block-002bbbcc\">\n<div class=\"wp-block-uagb-info-box uagb-block-3f6372dd uagb-infobox__content-wrap  uagb-infobox-icon-above-title uagb-infobox-image-valign-top\"><div class=\"uagb-ifb-content\"><div class=\"uagb-ifb-icon-wrap\"><div class=\"uagb-iconbox-icon-wrap uagb-infobox-shape-circle\"><svg xmlns=\"https:\/\/www.w3.org\/2000\/svg\" viewBox=\"0 0 384 512\"><path d=\"M168.3 499.2C116.1 435 0 279.4 0 192C0 85.96 85.96 0 192 0C298 0 384 85.96 384 192C384 279.4 267 435 215.7 499.2C203.4 514.5 180.6 514.5 168.3 499.2H168.3zM192 256C227.3 256 256 227.3 256 192C256 156.7 227.3 128 192 128C156.7 128 128 156.7 128 192C128 227.3 156.7 256 192 256z\"><\/path><\/svg><\/div><\/div><div class=\"uagb-ifb-title-wrap\"><h3 class=\"uagb-ifb-title\">Direcci\u00f3n<\/h3><\/div><p class=\"uagb-ifb-desc\">Av. Juan Carlos I, 55\nC.P. 23100 Mancha Real \u2013 JA\u00c9N<\/p><\/div><\/div>\n<\/div>\n<\/div>\n<\/div><\/div>\n\n\n\n<div class=\"wp-block-uagb-container uag-blocks-common-selector uagb-layout-grid uagb-block-5638e9f2 alignfull uagb-is-root-container\"><div class=\"uagb-container-inner-blocks-wrap\">\n<div class=\"wp-block-uagb-container uagb-block-3f391110\">\n<div class=\"wp-block-uagb-info-box uagb-block-00ad18c3 uagb-infobox__content-wrap  uagb-infobox-icon-above-title uagb-infobox-image-valign-top\"><div class=\"uagb-ifb-content\"><div class=\"uagb-ifb-title-wrap\"><span class=\"uagb-ifb-title-prefix\">Formulario de contacto<\/span><h2 class=\"uagb-ifb-title\">Rellena el formulario y cont\u00e1ctanos f\u00e1cilmente<\/h2><\/div><p class=\"uagb-ifb-desc\">Tu opini\u00f3n es importante para nosotros. Completa el formulario y nos pondremos en contacto contigo a la brevedad posible.<\/p><\/div><\/div>\n\n\n\n<div class=\"wp-block-uagb-container uagb-layout-grid uagb-block-ade52a96\">\n<div class=\"wp-block-uagb-advanced-heading uagb-block-6fe45a94\"><p class=\"uagb-heading-text\">Redes Sociales<\/p><\/div>\n\n\n\n<div class=\"wp-block-uagb-icon-list uagb-block-27cb2f14\"><div class=\"uagb-icon-list__wrap\">\n<div class=\"wp-block-uagb-icon-list-child uagb-block-fd15eccd\"><a target=\"_blank\" aria-label=\"List item\" rel=\"noopener noreferrer\" href=\"https:\/\/www.facebook.com\/profile.php?id=100063501851456\"> <\/a><span class=\"uagb-icon-list__source-wrap\"><svg xmlns=\"https:\/\/www.w3.org\/2000\/svg\" viewBox=\"0 0 512 512\"><path d=\"M504 256C504 119 393 8 256 8S8 119 8 256c0 123.8 90.69 226.4 209.3 245V327.7h-63V256h63v-54.64c0-62.15 37-96.48 93.67-96.48 27.14 0 55.52 4.84 55.52 4.84v61h-31.28c-30.8 0-40.41 19.12-40.41 38.73V256h68.78l-11 71.69h-57.78V501C413.3 482.4 504 379.8 504 256z\"><\/path><\/svg><\/span><\/div>\n\n\n\n<div class=\"wp-block-uagb-icon-list-child uagb-block-d1934bf2\"><a target=\"_blank\" aria-label=\"List item\" rel=\"noopener noreferrer\" href=\"https:\/\/www.instagram.com\/hanfitmanchareal\/\"> <\/a><span class=\"uagb-icon-list__source-wrap\"><svg xmlns=\"https:\/\/www.w3.org\/2000\/svg\" viewBox=\"0 0 448 512\"><path d=\"M224.1 141c-63.6 0-114.9 51.3-114.9 114.9s51.3 114.9 114.9 114.9S339 319.5 339 255.9 287.7 141 224.1 141zm0 189.6c-41.1 0-74.7-33.5-74.7-74.7s33.5-74.7 74.7-74.7 74.7 33.5 74.7 74.7-33.6 74.7-74.7 74.7zm146.4-194.3c0 14.9-12 26.8-26.8 26.8-14.9 0-26.8-12-26.8-26.8s12-26.8 26.8-26.8 26.8 12 26.8 26.8zm76.1 27.2c-1.7-35.9-9.9-67.7-36.2-93.9-26.2-26.2-58-34.4-93.9-36.2-37-2.1-147.9-2.1-184.9 0-35.8 1.7-67.6 9.9-93.9 36.1s-34.4 58-36.2 93.9c-2.1 37-2.1 147.9 0 184.9 1.7 35.9 9.9 67.7 36.2 93.9s58 34.4 93.9 36.2c37 2.1 147.9 2.1 184.9 0 35.9-1.7 67.7-9.9 93.9-36.2 26.2-26.2 34.4-58 36.2-93.9 2.1-37 2.1-147.8 0-184.8zM398.8 388c-7.8 19.6-22.9 34.7-42.6 42.6-29.5 11.7-99.5 9-132.1 9s-102.7 2.6-132.1-9c-19.6-7.8-34.7-22.9-42.6-42.6-11.7-29.5-9-99.5-9-132.1s-2.6-102.7 9-132.1c7.8-19.6 22.9-34.7 42.6-42.6 29.5-11.7 99.5-9 132.1-9s102.7-2.6 132.1 9c19.6 7.8 34.7 22.9 42.6 42.6 11.7 29.5 9 99.5 9 132.1s2.7 102.7-9 132.1z\"><\/path><\/svg><\/span><\/div>\n\n\n\n\n\n\n<\/div><\/div>\n<\/div>\n<\/div>\n\n\n\n<div class=\"wp-block-uagb-forms uagb-forms__outer-wrap uagb-block-c7adc3ba uagb-forms__medium-btn\"><form class=\"uagb-forms-main-form\" method=\"post\" autocomplete=\"on\" name=\"uagb-form-c7adc3ba\">\n<div class=\"wp-block-uagb-forms-name uagb-forms-name-wrap uagb-forms-field-set uagb-block-aba29347 uag-col-2\"><div class=\"uagb-forms-name-label required uagb-forms-input-label\" id=\"aba29347\">First Name<\/div><input type=\"text\" placeholder=\"Nombre\" required class=\"uagb-forms-name-input uagb-forms-input\" name=\"aba29347\" autocomplete=\"given-name\"\/><\/div>\n\n\n\n<div class=\"wp-block-uagb-forms-name uagb-forms-name-wrap uagb-forms-field-set uagb-block-7e89dc4e uag-col-2\"><div class=\"uagb-forms-name-label required uagb-forms-input-label\" id=\"7e89dc4e\">Last Name<\/div><input type=\"text\" placeholder=\"Apellido\" required class=\"uagb-forms-name-input uagb-forms-input\" name=\"7e89dc4e\" autocomplete=\"family-name\"\/><\/div>\n\n\n\n<div class=\"wp-block-uagb-forms-email uagb-forms-email-wrap uagb-forms-field-set uagb-block-f7c488c7\"><div class=\"uagb-forms-email-label  uagb-forms-input-label\" id=\"f7c488c7\">Email<\/div><input type=\"email\" class=\"uagb-forms-email-input uagb-forms-input\" placeholder=\"Direcci\u00f3n de Correo Electr\u00f3nico\" name=\"f7c488c7\" autocomplete=\"email\"\/><\/div>\n\n\n\n<div class=\"wp-block-uagb-forms-textarea uagb-forms-textarea-wrap uagb-forms-field-set uagb-block-5ceea10f\"><div class=\"uagb-forms-textarea-label required uagb-forms-input-label\" id=\"5ceea10f\">Message<\/div><textarea required class=\"uagb-forms-textarea-input uagb-forms-input\" rows=\"5\" placeholder=\"Escribe Tu Mensaje...\" name=\"5ceea10f\" autocomplete=\"off\"><\/textarea><\/div>\n<div class=\"uagb-forms-form-hidden-data\"><input type=\"hidden\" class=\"uagb_forms_form_label\" value=\"Spectra Form\"\/><input type=\"hidden\" class=\"uagb_forms_form_id\" value=\"uagb-form-c7adc3ba\"\/><\/div><div class=\"uagb-form-reacaptcha-error-c7adc3ba\"><\/div><div class=\"uagb-forms-main-submit-button-wrap wp-block-button\"><button class=\"uagb-forms-main-submit-button wp-block-button__link\"><div class=\"uagb-forms-main-submit-button-text\">Enviar un Mensaje<\/div><\/button><\/div><\/form><div class=\"uagb-forms-success-message-c7adc3ba uagb-forms-submit-message-hide\"><span>The form has been submitted successfully!<\/span><\/div><div class=\"uagb-forms-failed-message-c7adc3ba uagb-forms-submit-message-hide\"><span>There has been some error while submitting the form. Please verify all form fields again.<\/span><\/div><\/div>\n<\/div><\/div>\n\n\n\n<div class=\"wp-block-uagb-container uagb-block-288b055f alignfull uagb-is-root-container\"><div class=\"uagb-container-inner-blocks-wrap\">\n<div class=\"wp-block-uagb-container uag-blocks-common-selector uagb-layout-grid uagb-block-f5b117b5 default uagb-is-root-container\">\n<div class=\"wp-block-uagb-info-box uagb-block-23d92e6f uagb-infobox__content-wrap  uagb-infobox-icon-above-title uagb-infobox-image-valign-top\"><div class=\"uagb-ifb-content\"><div class=\"uagb-ifb-title-wrap\"><span class=\"uagb-ifb-title-prefix\">\u00danete a Nosotros<\/span><h2 class=\"uagb-ifb-title\">Comienza tu transformaci\u00f3n en Hanfit Mancha Real hoy.<\/h2><\/div><p class=\"uagb-ifb-desc\">Cont\u00e1ctanos y descubre c\u00f3mo podemos ayudarte a lograr tus metas.<\/p><\/div><\/div>\n\n\n\n<div class=\"wp-block-uagb-buttons uagb-buttons__outer-wrap uagb-btn__default-btn uagb-btn-tablet__default-btn uagb-btn-mobile__default-btn uagb-block-7f94030b\"><div class=\"uagb-buttons__wrap uagb-buttons-layout-wrap \">\n<div class=\"wp-block-uagb-buttons-child uagb-buttons__outer-wrap uagb-block-01974e58 wp-block-button\"><div class=\"uagb-button__wrapper\"><a class=\"uagb-buttons-repeater wp-block-button__link\" aria-label=\"\" href=\"contact\/\" rel=\"follow noopener\" target=\"_self\" role=\"button\"><div class=\"uagb-button__link\">\u00danete Ahora<\/div><\/a><\/div><\/div>\n<\/div><\/div>\n<\/div>\n<\/div><\/div>\n","protected":false},"excerpt":{"rendered":"<p>Con\u00e9ctate con nosotros Estamos aqu\u00ed para ayudarte y atenderte Escr\u00edbenos Estamos listos para responder tus preguntas y consultas Redes Sociales<\/p>\n","protected":false},"author":1,"featured_media":0,"parent":0,"menu_order":0,"comment_status":"closed","ping_status":"closed","template":"","meta":{"_uag_custom_page_level_css":"","site-sidebar-layout":"default","site-content-layout":"","ast-site-content-layout":"default","site-content-style":"default","site-sidebar-style":"default","ast-global-header-display":"","ast-banner-title-visibility":"","ast-main-header-display":"","ast-hfb-above-header-display":"","ast-hfb-below-header-display":"","ast-hfb-mobile-header-display":"","site-post-title":"disabled","ast-breadcrumbs-content":"","ast-featured-img":"","footer-sml-layout":"","theme-transparent-header-meta":"","adv-header-id-meta":"","stick-header-meta":"","header-above-stick-meta":"","header-main-stick-meta":"","header-below-stick-meta":"","astra-migrate-meta-layouts":"default","ast-page-background-enabled":"default","ast-page-background-meta":{"desktop":{"background-color":"var(--ast-global-color-4)","background-image":"","background-repeat":"repeat","background-position":"center center","background-size":"auto","background-attachment":"scroll","background-type":"","background-media":"","overlay-type":"","overlay-color":"","overlay-opacity":"","overlay-gradient":""},"tablet":{"background-color":"","background-image":"","background-repeat":"repeat","background-position":"center center","background-size":"auto","background-attachment":"scroll","background-type":"","background-media":"","overlay-type":"","overlay-color":"","overlay-opacity":"","overlay-gradient":""},"mobile":{"background-color":"","background-image":"","background-repeat":"repeat","background-position":"center center","background-size":"auto","background-attachment":"scroll","background-type":"","background-media":"","overlay-type":"","overlay-color":"","overlay-opacity":"","overlay-gradient":""}},"ast-content-background-meta":{"desktop":{"background-color":"var(--ast-global-color-5)","background-image":"","background-repeat":"repeat","background-position":"center center","background-size":"auto","background-attachment":"scroll","background-type":"","background-media":"","overlay-type":"","overlay-color":"","overlay-opacity":"","overlay-gradient":""},"tablet":{"background-color":"var(--ast-global-color-5)","background-image":"","background-repeat":"repeat","background-position":"center center","background-size":"auto","background-attachment":"scroll","background-type":"","background-media":"","overlay-type":"","overlay-color":"","overlay-opacity":"","overlay-gradient":""},"mobile":{"background-color":"var(--ast-global-color-5)","background-image":"","background-repeat":"repeat","background-position":"center center","background-size":"auto","background-attachment":"scroll","background-type":"","background-media":"","overlay-type":"","overlay-color":"","overlay-opacity":"","overlay-gradient":""}},"footnotes":""},"class_list":["post-32","page","type-page","status-publish","hentry"],"yoast_head":"<!-- This site is optimized with the Yoast SEO plugin v27.5 - https:\/\/yoast.com\/product\/yoast-seo-wordpress\/ -->\n<title>Contact - Hanfit Mancha Real<\/title>\n<meta name=\"robots\" content=\"noindex, follow, max-snippet:-1, max-image-preview:large, max-video-preview:-1\" \/>\n<meta property=\"og:locale\" content=\"es_ES\" \/>\n<meta property=\"og:type\" content=\"article\" \/>\n<meta property=\"og:title\" content=\"Contact - Hanfit Mancha Real\" \/>\n<meta property=\"og:description\" content=\"Con\u00e9ctate con nosotros Estamos aqu\u00ed para ayudarte y atenderte Escr\u00edbenos Estamos listos para responder tus preguntas y consultas Redes Sociales\" \/>\n<meta property=\"og:url\" content=\"https:\/\/sharp-hopper.194-164-174-97.plesk.page\/?page_id=32\" \/>\n<meta property=\"og:site_name\" content=\"Hanfit Mancha Real\" \/>\n<meta property=\"article:modified_time\" content=\"2024-10-29T21:46:27+00:00\" \/>\n<meta name=\"twitter:card\" content=\"summary_large_image\" \/>\n<script type=\"application\/ld+json\" class=\"yoast-schema-graph\">{\"@context\":\"https:\\\/\\\/schema.org\",\"@graph\":[{\"@type\":\"WebPage\",\"@id\":\"https:\\\/\\\/sharp-hopper.194-164-174-97.plesk.page\\\/?page_id=32\",\"url\":\"https:\\\/\\\/sharp-hopper.194-164-174-97.plesk.page\\\/?page_id=32\",\"name\":\"Contact - Hanfit Mancha Real\",\"isPartOf\":{\"@id\":\"https:\\\/\\\/sharp-hopper.194-164-174-97.plesk.page\\\/#website\"},\"datePublished\":\"2024-10-29T21:46:23+00:00\",\"dateModified\":\"2024-10-29T21:46:27+00:00\",\"breadcrumb\":{\"@id\":\"https:\\\/\\\/sharp-hopper.194-164-174-97.plesk.page\\\/?page_id=32#breadcrumb\"},\"inLanguage\":\"es\",\"potentialAction\":[{\"@type\":\"ReadAction\",\"target\":[\"https:\\\/\\\/sharp-hopper.194-164-174-97.plesk.page\\\/?page_id=32\"]}]},{\"@type\":\"BreadcrumbList\",\"@id\":\"https:\\\/\\\/sharp-hopper.194-164-174-97.plesk.page\\\/?page_id=32#breadcrumb\",\"itemListElement\":[{\"@type\":\"ListItem\",\"position\":1,\"name\":\"Portada\",\"item\":\"https:\\\/\\\/sharp-hopper.194-164-174-97.plesk.page\\\/\"},{\"@type\":\"ListItem\",\"position\":2,\"name\":\"Contact\"}]},{\"@type\":\"WebSite\",\"@id\":\"https:\\\/\\\/sharp-hopper.194-164-174-97.plesk.page\\\/#website\",\"url\":\"https:\\\/\\\/sharp-hopper.194-164-174-97.plesk.page\\\/\",\"name\":\"Hanfit Mancha Real\",\"description\":\"\",\"publisher\":{\"@id\":\"https:\\\/\\\/sharp-hopper.194-164-174-97.plesk.page\\\/#organization\"},\"potentialAction\":[{\"@type\":\"SearchAction\",\"target\":{\"@type\":\"EntryPoint\",\"urlTemplate\":\"https:\\\/\\\/sharp-hopper.194-164-174-97.plesk.page\\\/?s={search_term_string}\"},\"query-input\":{\"@type\":\"PropertyValueSpecification\",\"valueRequired\":true,\"valueName\":\"search_term_string\"}}],\"inLanguage\":\"es\"},{\"@type\":\"Organization\",\"@id\":\"https:\\\/\\\/sharp-hopper.194-164-174-97.plesk.page\\\/#organization\",\"name\":\"Hanfit Mancha Real\",\"url\":\"https:\\\/\\\/sharp-hopper.194-164-174-97.plesk.page\\\/\",\"logo\":{\"@type\":\"ImageObject\",\"inLanguage\":\"es\",\"@id\":\"https:\\\/\\\/sharp-hopper.194-164-174-97.plesk.page\\\/#\\\/schema\\\/logo\\\/image\\\/\",\"url\":\"https:\\\/\\\/sharp-hopper.194-164-174-97.plesk.page\\\/wp-content\\\/uploads\\\/2024\\\/10\\\/logo.png\",\"contentUrl\":\"https:\\\/\\\/sharp-hopper.194-164-174-97.plesk.page\\\/wp-content\\\/uploads\\\/2024\\\/10\\\/logo.png\",\"width\":300,\"height\":94,\"caption\":\"Hanfit Mancha Real\"},\"image\":{\"@id\":\"https:\\\/\\\/sharp-hopper.194-164-174-97.plesk.page\\\/#\\\/schema\\\/logo\\\/image\\\/\"}}]}<\/script>\n<!-- \/ Yoast SEO plugin. -->","yoast_head_json":{"title":"Contact - Hanfit Mancha Real","robots":{"index":"noindex","follow":"follow","max-snippet":"max-snippet:-1","max-image-preview":"max-image-preview:large","max-video-preview":"max-video-preview:-1"},"og_locale":"es_ES","og_type":"article","og_title":"Contact - Hanfit Mancha Real","og_description":"Con\u00e9ctate con nosotros Estamos aqu\u00ed para ayudarte y atenderte Escr\u00edbenos Estamos listos para responder tus preguntas y consultas Redes Sociales","og_url":"https:\/\/sharp-hopper.194-164-174-97.plesk.page\/?page_id=32","og_site_name":"Hanfit Mancha Real","article_modified_time":"2024-10-29T21:46:27+00:00","twitter_card":"summary_large_image","schema":{"@context":"https:\/\/schema.org","@graph":[{"@type":"WebPage","@id":"https:\/\/sharp-hopper.194-164-174-97.plesk.page\/?page_id=32","url":"https:\/\/sharp-hopper.194-164-174-97.plesk.page\/?page_id=32","name":"Contact - Hanfit Mancha Real","isPartOf":{"@id":"https:\/\/sharp-hopper.194-164-174-97.plesk.page\/#website"},"datePublished":"2024-10-29T21:46:23+00:00","dateModified":"2024-10-29T21:46:27+00:00","breadcrumb":{"@id":"https:\/\/sharp-hopper.194-164-174-97.plesk.page\/?page_id=32#breadcrumb"},"inLanguage":"es","potentialAction":[{"@type":"ReadAction","target":["https:\/\/sharp-hopper.194-164-174-97.plesk.page\/?page_id=32"]}]},{"@type":"BreadcrumbList","@id":"https:\/\/sharp-hopper.194-164-174-97.plesk.page\/?page_id=32#breadcrumb","itemListElement":[{"@type":"ListItem","position":1,"name":"Portada","item":"https:\/\/sharp-hopper.194-164-174-97.plesk.page\/"},{"@type":"ListItem","position":2,"name":"Contact"}]},{"@type":"WebSite","@id":"https:\/\/sharp-hopper.194-164-174-97.plesk.page\/#website","url":"https:\/\/sharp-hopper.194-164-174-97.plesk.page\/","name":"Hanfit Mancha Real","description":"","publisher":{"@id":"https:\/\/sharp-hopper.194-164-174-97.plesk.page\/#organization"},"potentialAction":[{"@type":"SearchAction","target":{"@type":"EntryPoint","urlTemplate":"https:\/\/sharp-hopper.194-164-174-97.plesk.page\/?s={search_term_string}"},"query-input":{"@type":"PropertyValueSpecification","valueRequired":true,"valueName":"search_term_string"}}],"inLanguage":"es"},{"@type":"Organization","@id":"https:\/\/sharp-hopper.194-164-174-97.plesk.page\/#organization","name":"Hanfit Mancha Real","url":"https:\/\/sharp-hopper.194-164-174-97.plesk.page\/","logo":{"@type":"ImageObject","inLanguage":"es","@id":"https:\/\/sharp-hopper.194-164-174-97.plesk.page\/#\/schema\/logo\/image\/","url":"https:\/\/sharp-hopper.194-164-174-97.plesk.page\/wp-content\/uploads\/2024\/10\/logo.png","contentUrl":"https:\/\/sharp-hopper.194-164-174-97.plesk.page\/wp-content\/uploads\/2024\/10\/logo.png","width":300,"height":94,"caption":"Hanfit Mancha Real"},"image":{"@id":"https:\/\/sharp-hopper.194-164-174-97.plesk.page\/#\/schema\/logo\/image\/"}}]}},"uagb_featured_image_src":{"full":false,"thumbnail":false,"medium":false,"medium_large":false,"large":false,"1536x1536":false,"2048x2048":false,"ph_comment_attachment":false},"uagb_author_info":{"display_name":"admin","author_link":"https:\/\/sharp-hopper.194-164-174-97.plesk.page\/?author=1"},"uagb_comment_info":0,"uagb_excerpt":"Con\u00e9ctate con nosotros Estamos aqu\u00ed para ayudarte y atenderte Escr\u00edbenos Estamos listos para responder tus preguntas y consultas Redes Sociales","_links":{"self":[{"href":"https:\/\/sharp-hopper.194-164-174-97.plesk.page\/index.php?rest_route=\/wp\/v2\/pages\/32","targetHints":{"allow":["GET"]}}],"collection":[{"href":"https:\/\/sharp-hopper.194-164-174-97.plesk.page\/index.php?rest_route=\/wp\/v2\/pages"}],"about":[{"href":"https:\/\/sharp-hopper.194-164-174-97.plesk.page\/index.php?rest_route=\/wp\/v2\/types\/page"}],"author":[{"embeddable":true,"href":"https:\/\/sharp-hopper.194-164-174-97.plesk.page\/index.php?rest_route=\/wp\/v2\/users\/1"}],"replies":[{"embeddable":true,"href":"https:\/\/sharp-hopper.194-164-174-97.plesk.page\/index.php?rest_route=%2Fwp%2Fv2%2Fcomments&post=32"}],"version-history":[{"count":2,"href":"https:\/\/sharp-hopper.194-164-174-97.plesk.page\/index.php?rest_route=\/wp\/v2\/pages\/32\/revisions"}],"predecessor-version":[{"id":253,"href":"https:\/\/sharp-hopper.194-164-174-97.plesk.page\/index.php?rest_route=\/wp\/v2\/pages\/32\/revisions\/253"}],"wp:attachment":[{"href":"https:\/\/sharp-hopper.194-164-174-97.plesk.page\/index.php?rest_route=%2Fwp%2Fv2%2Fmedia&parent=32"}],"curies":[{"name":"wp","href":"https:\/\/api.w.org\/{rel}","templated":true}]}}